{"id":10780,"date":"2021-03-25T12:01:54","date_gmt":"2021-03-25T04:01:54","guid":{"rendered":"https:\/\/www.infinitypro.asia\/?post_type=product&#038;p=10780"},"modified":"2025-12-25T23:05:56","modified_gmt":"2025-12-25T15:05:56","slug":"dongle-de-partage-insphere","status":"publish","type":"product","link":"https:\/\/www.infinityprodisplay.com\/fr-ca\/product\/dongle-de-partage-insphere\/","title":{"rendered":"Dongle de partage Insphere"},"content":{"rendered":"<h3>Caract\u00e9ristiques cl\u00e9s :<\/h3>\n<ul>\n<li>Aucun logiciel ni pilote requis : commencez la diffusion d\u2019un simple appui sur un bouton.<\/li>\n<li>R\u00e9unions sans c\u00e2bles : \u00e9liminez l\u2019encombrement des longs c\u00e2bles.<\/li>\n<li>Facile \u00e0 utiliser : simple et intuitif.<\/li>\n<li>R\u00e9solution ultra-haute 4K : profitez d\u2019images nettes et pr\u00e9cises.<\/li>\n<li>Virtualisation sans fil : connectez sans fil les \u00e9quipements audio et vid\u00e9o.<\/li>\n<li>Prise en charge du retour tactile : compatible avec Win\/macOS\/Chrome\/Linux\/iPad\/Android.<\/li>\n<\/ul>\n<h3>BYOM (Apportez votre propre r\u00e9union)<\/h3>\n<p>Gr\u00e2ce \u00e0 la fonction avanc\u00e9e de virtualisation A\/V du dongle insphere Share, utilisez facilement les \u00e9quipements A\/V d\u2019un grand \u00e9cran lors de r\u00e9unions en ligne. Virtualisez cam\u00e9ras, microphones, haut-parleurs et \u00e9crans directement sur votre ordinateur portable. Compatible avec Teams, Zoom, Google Meet, Skype, WebEx et plus encore.<\/p>\n<h3>Rapide et efficace<\/h3>\n<p>Le dongle insphere Share, une solution mat\u00e9rielle, vous permet de lancer des pr\u00e9sentations sans fil en quelques secondes. Am\u00e9liorez l\u2019efficacit\u00e9 et l\u2019agilit\u00e9 de vos r\u00e9unions d\u2019entreprise en permettant aux participants de pr\u00e9senter sans d\u00e9lai.<\/p>\n<p><strong>Appairage sans effort<\/strong> : il suffit de brancher le bouton insphere \u00e0 tout appareil insphere pr\u00e9install\u00e9 (IFP\/projecteur) pour un appairage automatique.<\/p>\n<h3>S\u00e9curitaire et fiable<\/h3>\n<ul>\n<li><strong>Aucun logiciel requis<\/strong> : compatible avec tous les syst\u00e8mes d\u2019exploitation, \u00e9liminant les risques de virus et de logiciels malveillants.<\/li>\n<li><strong>S\u00e9curit\u00e9 \u00e9lev\u00e9e<\/strong> : chiffrement haute r\u00e9sistance et authentification WPA2 pour une protection robuste.<\/li>\n<li><strong>Connexion sans fil fiable<\/strong> : privil\u00e9gie les canaux Wi-Fi 5G pour une diffusion 4K fluide et sans latence.<\/li>\n<\/ul>\n<h3>Retour tactile interactif<\/h3>\n<p>Contr\u00f4lez votre ordinateur portable directement depuis l\u2019\u00e9cran tactile, simplifiant vos r\u00e9unions et augmentant l\u2019interactivit\u00e9.<\/p>\n<h3>Haute performance<\/h3>\n<p>Dot\u00e9 d\u2019une toute nouvelle configuration mat\u00e9rielle, insphere est profond\u00e9ment optimis\u00e9 pour offrir des performances de premier ordre.<\/p>\n<h3>Prise en charge multi\u00e9cran<\/h3>\n<ul>\n<li>Connectez plusieurs boutons pour un partage d\u2019\u00e9cran s\u00e9quentiel ou simultan\u00e9. Prend \u00e9galement en charge le partage collaboratif avec l\u2019application insphere.<\/li>\n<li>Am\u00e9liorez votre exp\u00e9rience de r\u00e9union avec le dongle sans fil insphere, o\u00f9 efficacit\u00e9, s\u00e9curit\u00e9 et haute performance se rencontrent.<\/li>\n<\/ul>\n<h3>Sp\u00e9cifications<\/h3>\n<div class=\"container\">\n<table>\n<tbody>\n<tr>\n<th style=\"text-align: left;\">Marque<\/th>\n<td style=\"text-align: left;\">insphere<\/td>\n<\/tr>\n<tr>\n<th style=\"text-align: left;\">Nom<\/th>\n<td>insphere Share 4K Button<\/td>\n<\/tr>\n<tr>\n<th style=\"text-align: left;\">Num\u00e9ro de mod\u00e8le<\/th>\n<td style=\"text-align: left;\">insphere Share Dongle (USB-C) ou (HDMI + USB-A)<\/td>\n<\/tr>\n<tr>\n<th style=\"text-align: left;\">Wi-Fi<\/th>\n<td>5 GHz et 2,4 GHz<\/td>\n<\/tr>\n<tr>\n<th style=\"text-align: left;\">Protocole d\u2019authentification<\/th>\n<td>WPA2\/WPA2-PSK (cl\u00e9 pr\u00e9partag\u00e9e) \/ WPA2-Entreprise<\/td>\n<\/tr>\n<tr>\n<th style=\"text-align: left;\">DDR<\/th>\n<td>DDR3 512 Mo<\/td>\n<\/tr>\n<tr>\n<th style=\"text-align: left;\">Virtualisation A\/V<\/th>\n<td>Virtualisation sans fil des \u00e9quipements A\/V tels que cam\u00e9ra, microphone, haut-parleur et \u00e9cran vers l\u2019ordinateur portable de l\u2019utilisateur<\/td>\n<\/tr>\n<tr>\n<th style=\"text-align: left;\">DEL<\/th>\n<td>Bleu\/Vert\/Rouge<\/td>\n<\/tr>\n<tr>\n<th style=\"text-align: left;\">Sorties vid\u00e9o<\/th>\n<td>DP 1.2, eDP 1.4 ou HDMI 1.4 (conforme HDCP)<\/td>\n<\/tr>\n<tr>\n<th style=\"text-align: left;\">Fr\u00e9quence d\u2019images<\/th>\n<td>Jusqu\u2019\u00e0 60 i\/s selon l\u2019environnement (FHD) et 30 i\/s en 4K<\/td>\n<\/tr>\n<tr>\n<th style=\"text-align: left;\">R\u00e9solution de sortie<\/th>\n<td>720&#215;480, 720&#215;576, 1280&#215;720, 1920&#215;1080 (1080p), 3840&#215;2160<\/td>\n<\/tr>\n<tr>\n<th style=\"text-align: left;\">Source d\u2019entr\u00e9e<\/th>\n<td>480p, 576p, 720p, 1080p, 4K<br \/>\nSynchronisation PC : 640&#215;480, 800&#215;600, 1024&#215;768, 1280&#215;720, 1920&#215;1080, 3840&#215;2160<\/td>\n<\/tr>\n<tr>\n<th style=\"text-align: left;\">Retour de contr\u00f4le du curseur de la souris<\/th>\n<td>Oui<\/td>\n<\/tr>\n<tr>\n<th style=\"text-align: left;\">Retour de contr\u00f4le tactile<\/th>\n<td>Prend en charge 10 points<\/td>\n<\/tr>\n<tr>\n<th style=\"text-align: left;\">Prise en charge des syst\u00e8mes d\u2019exploitation<\/th>\n<td>Windows\u00ae 7, Windows 8.1, Windows 10 ou Windows 11<br \/>\nmacOS\u2122, Chrome OS, Linux OS, Android OS<br \/>\nTout OS prenant en charge le Type-C complet ou HDMI<\/td>\n<\/tr>\n<tr>\n<th style=\"text-align: left;\">Ports<\/th>\n<td>ES06T-C : Type-C complet<br \/>\nES06T-H : HDMI + USB-A<\/td>\n<\/tr>\n<tr>\n<th style=\"text-align: left;\">Tension d\u2019entr\u00e9e<\/th>\n<td>5 V<\/td>\n<\/tr>\n<tr>\n<th style=\"text-align: left;\">Consommation de courant<\/th>\n<td>0,9 A max.<\/td>\n<\/tr>\n<tr>\n<th style=\"text-align: left;\">Consommation d\u2019\u00e9nergie<\/th>\n<td>2,5 W en moyenne<\/td>\n<\/tr>\n<tr>\n<th style=\"text-align: left;\">Temp\u00e9rature de fonctionnement<\/th>\n<td>0 \u00b0C \u00e0 40 \u00b0C (32 \u00b0F \u00e0 104 \u00b0F)<\/td>\n<\/tr>\n<tr>\n<th style=\"text-align: left;\">Temp\u00e9rature de stockage<\/th>\n<td>-20 \u00b0C \u00e0 60 \u00b0C (-4 \u00b0F \u00e0 140 \u00b0F)<\/td>\n<\/tr>\n<tr>\n<th style=\"text-align: left;\">Dimensions<\/th>\n<td>176 mm x 58 mm x 17 mm<\/td>\n<\/tr>\n<tr>\n<th style=\"text-align: left;\">Poids net<\/th>\n<td style=\"text-align: left;\">ES06T-C : 80 g<br \/>\nES06T-H : 85 g<\/td>\n<\/tr>\n<\/tbody>\n<\/table>\n<p>&nbsp;\n<\/p><\/div>\n","protected":false},"excerpt":{"rendered":"<h3><strong>Une collaboration efficace comme jamais auparavant<\/strong><\/h3>\n<p>Profitez d\u2019une diffusion sans fil fluide en un seul clic gr\u00e2ce au dongle sans fil insphere. Con\u00e7u pour \u00e9liminer le besoin de logiciels ou de pilotes, cet appareil pr\u00eat \u00e0 l\u2019emploi r\u00e9volutionne la fa\u00e7on de r\u00e9aliser des pr\u00e9sentations sans fil et des conf\u00e9rences audio-vid\u00e9o. Dites adieu aux temps morts et aux silences g\u00eanants, et bonjour \u00e0 des r\u00e9unions productives.<\/p>\n","protected":false},"featured_media":10782,"template":"","meta":{"site-sidebar-layout":"default","site-content-layout":"","ast-site-content-layout":"default","site-content-style":"default","site-sidebar-style":"default","ast-global-header-display":"","ast-banner-title-visibility":"","ast-main-header-display":"","ast-hfb-above-header-display":"","ast-hfb-below-header-display":"","ast-hfb-mobile-header-display":"","site-post-title":"","ast-breadcrumbs-content":"","ast-featured-img":"","footer-sml-layout":"","ast-disable-related-posts":"","theme-transparent-header-meta":"default","adv-header-id-meta":"","stick-header-meta":"default","header-above-stick-meta":"","header-main-stick-meta":"","header-below-stick-meta":"","astra-migrate-meta-layouts":"set","ast-page-background-enabled":"default","ast-page-background-meta":{"desktop":{"background-color":"","background-image":"","background-repeat":"repeat","background-position":"center center","background-size":"auto","background-attachment":"scroll","background-type":"","background-media":"","overlay-type":"","overlay-color":"","overlay-opacity":"","overlay-gradient":""},"tablet":{"background-color":"","background-image":"","background-repeat":"repeat","background-position":"center center","background-size":"auto","background-attachment":"scroll","background-type":"","background-media":"","overlay-type":"","overlay-color":"","overlay-opacity":"","overlay-gradient":""},"mobile":{"background-color":"","background-image":"","background-repeat":"repeat","background-position":"center center","background-size":"auto","background-attachment":"scroll","background-type":"","background-media":"","overlay-type":"","overlay-color":"","overlay-opacity":"","overlay-gradient":""}},"ast-content-background-meta":{"desktop":{"background-color":"var(--ast-global-color-5)","background-image":"","background-repeat":"repeat","background-position":"center center","background-size":"auto","background-attachment":"scroll","background-type":"","background-media":"","overlay-type":"","overlay-color":"","overlay-opacity":"","overlay-gradient":""},"tablet":{"background-color":"var(--ast-global-color-5)","background-image":"","background-repeat":"repeat","background-position":"center center","background-size":"auto","background-attachment":"scroll","background-type":"","background-media":"","overlay-type":"","overlay-color":"","overlay-opacity":"","overlay-gradient":""},"mobile":{"background-color":"var(--ast-global-color-5)","background-image":"","background-repeat":"repeat","background-position":"center center","background-size":"auto","background-attachment":"scroll","background-type":"","background-media":"","overlay-type":"","overlay-color":"","overlay-opacity":"","overlay-gradient":""}}},"product_brand":[],"product_cat":[68],"product_tag":[110],"class_list":{"0":"post-10780","1":"product","2":"type-product","3":"status-publish","4":"has-post-thumbnail","6":"product_cat-accessories","7":"product_tag-insphere","8":"desktop-align-left","9":"tablet-align-left","10":"mobile-align-left","11":"ast-product-gallery-layout-horizontal-slider","12":"ast-magnify-disabled","13":"ast-product-tabs-layout-distributed","15":"first","16":"instock","17":"taxable","18":"shipping-taxable","19":"product-type-simple"},"yoast_head":"<!-- This site is optimized with the Yoast SEO Premium plugin v26.6 (Yoast SEO v26.7) - https:\/\/yoast.com\/wordpress\/plugins\/seo\/ -->\n<title>insphere Share Dongle - Wireless Dongle | InfinityPro<\/title>\n<meta name=\"description\" content=\"Experience seamless, one-click wireless casting with the insphere Wireless Dongle. Say hello to productive meetings.\" \/>\n<meta name=\"robots\" content=\"index, follow, max-snippet:-1, max-image-preview:large, max-video-preview:-1\" \/>\n<link rel=\"canonical\" href=\"https:\/\/www.infinityprodisplay.com\/fr-ca\/product\/dongle-de-partage-insphere\/\" \/>\n<meta property=\"og:locale\" content=\"en_US\" \/>\n<meta property=\"og:type\" content=\"article\" \/>\n<meta property=\"og:title\" content=\"Dongle de partage Insphere\" \/>\n<meta property=\"og:description\" content=\"Experience seamless, one-click wireless casting with the insphere Wireless Dongle. Say hello to productive meetings.\" \/>\n<meta property=\"og:url\" content=\"https:\/\/www.infinityprodisplay.com\/fr-ca\/product\/dongle-de-partage-insphere\/\" \/>\n<meta property=\"og:site_name\" content=\"InfinityPro\" \/>\n<meta property=\"article:publisher\" content=\"https:\/\/www.facebook.com\/infinityprodisplay\" \/>\n<meta property=\"article:modified_time\" content=\"2025-12-25T15:05:56+00:00\" \/>\n<meta property=\"og:image\" content=\"https:\/\/www.infinityprodisplay.com\/fr-ca\/wp-content\/uploads\/2024\/07\/insphere-Wireless-Dongle-Type-C.jpg\" \/>\n\t<meta property=\"og:image:width\" content=\"1500\" \/>\n\t<meta property=\"og:image:height\" content=\"900\" \/>\n\t<meta property=\"og:image:type\" content=\"image\/jpeg\" \/>\n<meta name=\"twitter:card\" content=\"summary_large_image\" \/>\n<meta name=\"twitter:label1\" content=\"Est. reading time\" \/>\n\t<meta name=\"twitter:data1\" content=\"3 minutes\" \/>\n<script type=\"application\/ld+json\" class=\"yoast-schema-graph\">{\"@context\":\"https:\/\/schema.org\",\"@graph\":[{\"@type\":\"WebPage\",\"@id\":\"https:\/\/www.infinityprodisplay.com\/fr-ca\/product\/dongle-de-partage-insphere\/\",\"url\":\"https:\/\/www.infinityprodisplay.com\/fr-ca\/product\/dongle-de-partage-insphere\/\",\"name\":\"insphere Share Dongle - Wireless Dongle | InfinityPro\",\"isPartOf\":{\"@id\":\"https:\/\/www.infinityprodisplay.com\/fr-ca\/#website\"},\"primaryImageOfPage\":{\"@id\":\"https:\/\/www.infinityprodisplay.com\/fr-ca\/product\/dongle-de-partage-insphere\/#primaryimage\"},\"image\":{\"@id\":\"https:\/\/www.infinityprodisplay.com\/fr-ca\/product\/dongle-de-partage-insphere\/#primaryimage\"},\"thumbnailUrl\":\"https:\/\/www.infinityprodisplay.com\/fr-ca\/wp-content\/uploads\/2024\/07\/insphere-Wireless-Dongle-Type-C.jpg\",\"datePublished\":\"2021-03-25T04:01:54+00:00\",\"dateModified\":\"2025-12-25T15:05:56+00:00\",\"description\":\"Experience seamless, one-click wireless casting with the insphere Wireless Dongle. Say hello to productive meetings.\",\"breadcrumb\":{\"@id\":\"https:\/\/www.infinityprodisplay.com\/fr-ca\/product\/dongle-de-partage-insphere\/#breadcrumb\"},\"inLanguage\":\"en-US\",\"potentialAction\":[{\"@type\":\"ReadAction\",\"target\":[\"https:\/\/www.infinityprodisplay.com\/fr-ca\/product\/dongle-de-partage-insphere\/\"]}]},{\"@type\":\"ImageObject\",\"inLanguage\":\"en-US\",\"@id\":\"https:\/\/www.infinityprodisplay.com\/fr-ca\/product\/dongle-de-partage-insphere\/#primaryimage\",\"url\":\"https:\/\/www.infinityprodisplay.com\/fr-ca\/wp-content\/uploads\/2024\/07\/insphere-Wireless-Dongle-Type-C.jpg\",\"contentUrl\":\"https:\/\/www.infinityprodisplay.com\/fr-ca\/wp-content\/uploads\/2024\/07\/insphere-Wireless-Dongle-Type-C.jpg\",\"width\":1500,\"height\":900,\"caption\":\"insphere Wireless Dongle (Type-C)\"},{\"@type\":\"BreadcrumbList\",\"@id\":\"https:\/\/www.infinityprodisplay.com\/fr-ca\/product\/dongle-de-partage-insphere\/#breadcrumb\",\"itemListElement\":[{\"@type\":\"ListItem\",\"position\":1,\"name\":\"Home\",\"item\":\"https:\/\/www.infinityprodisplay.com\/fr-ca\/\"},{\"@type\":\"ListItem\",\"position\":2,\"name\":\"Products\",\"item\":\"https:\/\/www.infinityprodisplay.com\/fr-ca\/shop\/\"},{\"@type\":\"ListItem\",\"position\":3,\"name\":\"Dongle de partage Insphere\"}]},{\"@type\":\"WebSite\",\"@id\":\"https:\/\/www.infinityprodisplay.com\/fr-ca\/#website\",\"url\":\"https:\/\/www.infinityprodisplay.com\/fr-ca\/\",\"name\":\"InfinityPro\",\"description\":\"Interactive Display &amp; Software For Education and Companies\",\"publisher\":{\"@id\":\"https:\/\/www.infinityprodisplay.com\/fr-ca\/#organization\"},\"potentialAction\":[{\"@type\":\"SearchAction\",\"target\":{\"@type\":\"EntryPoint\",\"urlTemplate\":\"https:\/\/www.infinityprodisplay.com\/fr-ca\/?s={search_term_string}\"},\"query-input\":{\"@type\":\"PropertyValueSpecification\",\"valueRequired\":true,\"valueName\":\"search_term_string\"}}],\"inLanguage\":\"en-US\"},{\"@type\":\"Organization\",\"@id\":\"https:\/\/www.infinityprodisplay.com\/fr-ca\/#organization\",\"name\":\"InfinityPro\",\"url\":\"https:\/\/www.infinityprodisplay.com\/fr-ca\/\",\"logo\":{\"@type\":\"ImageObject\",\"inLanguage\":\"en-US\",\"@id\":\"https:\/\/www.infinityprodisplay.com\/fr-ca\/#\/schema\/logo\/image\/\",\"url\":\"https:\/\/www.infinityprodisplay.com\/wp-content\/uploads\/2025\/06\/InfinityPro-R-Logo.svg\",\"contentUrl\":\"https:\/\/www.infinityprodisplay.com\/wp-content\/uploads\/2025\/06\/InfinityPro-R-Logo.svg\",\"width\":1,\"height\":1,\"caption\":\"InfinityPro\"},\"image\":{\"@id\":\"https:\/\/www.infinityprodisplay.com\/fr-ca\/#\/schema\/logo\/image\/\"},\"sameAs\":[\"https:\/\/www.facebook.com\/infinityprodisplay\",\"https:\/\/www.instagram.com\/infinityprodisplay\/\",\"https:\/\/www.linkedin.com\/company\/infinityprodisplay\/\",\"https:\/\/www.youtube.com\/@infinityprodisplay\",\"https:\/\/wa.me\/6567414375\"]}]}<\/script>\n<!-- \/ Yoast SEO Premium plugin. -->","yoast_head_json":{"title":"insphere Share Dongle - Wireless Dongle | InfinityPro","description":"Experience seamless, one-click wireless casting with the insphere Wireless Dongle. Say hello to productive meetings.","robots":{"index":"index","follow":"follow","max-snippet":"max-snippet:-1","max-image-preview":"max-image-preview:large","max-video-preview":"max-video-preview:-1"},"canonical":"https:\/\/www.infinityprodisplay.com\/fr-ca\/product\/dongle-de-partage-insphere\/","og_locale":"en_US","og_type":"article","og_title":"Dongle de partage Insphere","og_description":"Experience seamless, one-click wireless casting with the insphere Wireless Dongle. Say hello to productive meetings.","og_url":"https:\/\/www.infinityprodisplay.com\/fr-ca\/product\/dongle-de-partage-insphere\/","og_site_name":"InfinityPro","article_publisher":"https:\/\/www.facebook.com\/infinityprodisplay","article_modified_time":"2025-12-25T15:05:56+00:00","og_image":[{"width":1500,"height":900,"url":"https:\/\/www.infinityprodisplay.com\/fr-ca\/wp-content\/uploads\/2024\/07\/insphere-Wireless-Dongle-Type-C.jpg","type":"image\/jpeg"}],"twitter_card":"summary_large_image","twitter_misc":{"Est. reading time":"3 minutes"},"schema":{"@context":"https:\/\/schema.org","@graph":[{"@type":"WebPage","@id":"https:\/\/www.infinityprodisplay.com\/fr-ca\/product\/dongle-de-partage-insphere\/","url":"https:\/\/www.infinityprodisplay.com\/fr-ca\/product\/dongle-de-partage-insphere\/","name":"insphere Share Dongle - Wireless Dongle | InfinityPro","isPartOf":{"@id":"https:\/\/www.infinityprodisplay.com\/fr-ca\/#website"},"primaryImageOfPage":{"@id":"https:\/\/www.infinityprodisplay.com\/fr-ca\/product\/dongle-de-partage-insphere\/#primaryimage"},"image":{"@id":"https:\/\/www.infinityprodisplay.com\/fr-ca\/product\/dongle-de-partage-insphere\/#primaryimage"},"thumbnailUrl":"https:\/\/www.infinityprodisplay.com\/fr-ca\/wp-content\/uploads\/2024\/07\/insphere-Wireless-Dongle-Type-C.jpg","datePublished":"2021-03-25T04:01:54+00:00","dateModified":"2025-12-25T15:05:56+00:00","description":"Experience seamless, one-click wireless casting with the insphere Wireless Dongle. Say hello to productive meetings.","breadcrumb":{"@id":"https:\/\/www.infinityprodisplay.com\/fr-ca\/product\/dongle-de-partage-insphere\/#breadcrumb"},"inLanguage":"en-US","potentialAction":[{"@type":"ReadAction","target":["https:\/\/www.infinityprodisplay.com\/fr-ca\/product\/dongle-de-partage-insphere\/"]}]},{"@type":"ImageObject","inLanguage":"en-US","@id":"https:\/\/www.infinityprodisplay.com\/fr-ca\/product\/dongle-de-partage-insphere\/#primaryimage","url":"https:\/\/www.infinityprodisplay.com\/fr-ca\/wp-content\/uploads\/2024\/07\/insphere-Wireless-Dongle-Type-C.jpg","contentUrl":"https:\/\/www.infinityprodisplay.com\/fr-ca\/wp-content\/uploads\/2024\/07\/insphere-Wireless-Dongle-Type-C.jpg","width":1500,"height":900,"caption":"insphere Wireless Dongle (Type-C)"},{"@type":"BreadcrumbList","@id":"https:\/\/www.infinityprodisplay.com\/fr-ca\/product\/dongle-de-partage-insphere\/#breadcrumb","itemListElement":[{"@type":"ListItem","position":1,"name":"Home","item":"https:\/\/www.infinityprodisplay.com\/fr-ca\/"},{"@type":"ListItem","position":2,"name":"Products","item":"https:\/\/www.infinityprodisplay.com\/fr-ca\/shop\/"},{"@type":"ListItem","position":3,"name":"Dongle de partage Insphere"}]},{"@type":"WebSite","@id":"https:\/\/www.infinityprodisplay.com\/fr-ca\/#website","url":"https:\/\/www.infinityprodisplay.com\/fr-ca\/","name":"InfinityPro","description":"Interactive Display &amp; Software For Education and Companies","publisher":{"@id":"https:\/\/www.infinityprodisplay.com\/fr-ca\/#organization"},"potentialAction":[{"@type":"SearchAction","target":{"@type":"EntryPoint","urlTemplate":"https:\/\/www.infinityprodisplay.com\/fr-ca\/?s={search_term_string}"},"query-input":{"@type":"PropertyValueSpecification","valueRequired":true,"valueName":"search_term_string"}}],"inLanguage":"en-US"},{"@type":"Organization","@id":"https:\/\/www.infinityprodisplay.com\/fr-ca\/#organization","name":"InfinityPro","url":"https:\/\/www.infinityprodisplay.com\/fr-ca\/","logo":{"@type":"ImageObject","inLanguage":"en-US","@id":"https:\/\/www.infinityprodisplay.com\/fr-ca\/#\/schema\/logo\/image\/","url":"https:\/\/www.infinityprodisplay.com\/wp-content\/uploads\/2025\/06\/InfinityPro-R-Logo.svg","contentUrl":"https:\/\/www.infinityprodisplay.com\/wp-content\/uploads\/2025\/06\/InfinityPro-R-Logo.svg","width":1,"height":1,"caption":"InfinityPro"},"image":{"@id":"https:\/\/www.infinityprodisplay.com\/fr-ca\/#\/schema\/logo\/image\/"},"sameAs":["https:\/\/www.facebook.com\/infinityprodisplay","https:\/\/www.instagram.com\/infinityprodisplay\/","https:\/\/www.linkedin.com\/company\/infinityprodisplay\/","https:\/\/www.youtube.com\/@infinityprodisplay","https:\/\/wa.me\/6567414375"]}]}},"_links":{"self":[{"href":"https:\/\/www.infinityprodisplay.com\/fr-ca\/wp-json\/wp\/v2\/product\/10780","targetHints":{"allow":["GET"]}}],"collection":[{"href":"https:\/\/www.infinityprodisplay.com\/fr-ca\/wp-json\/wp\/v2\/product"}],"about":[{"href":"https:\/\/www.infinityprodisplay.com\/fr-ca\/wp-json\/wp\/v2\/types\/product"}],"wp:featuredmedia":[{"embeddable":true,"href":"https:\/\/www.infinityprodisplay.com\/fr-ca\/wp-json\/wp\/v2\/media\/10782"}],"wp:attachment":[{"href":"https:\/\/www.infinityprodisplay.com\/fr-ca\/wp-json\/wp\/v2\/media?parent=10780"}],"wp:term":[{"taxonomy":"product_brand","embeddable":true,"href":"https:\/\/www.infinityprodisplay.com\/fr-ca\/wp-json\/wp\/v2\/product_brand?post=10780"},{"taxonomy":"product_cat","embeddable":true,"href":"https:\/\/www.infinityprodisplay.com\/fr-ca\/wp-json\/wp\/v2\/product_cat?post=10780"},{"taxonomy":"product_tag","embeddable":true,"href":"https:\/\/www.infinityprodisplay.com\/fr-ca\/wp-json\/wp\/v2\/product_tag?post=10780"}],"curies":[{"name":"wp","href":"https:\/\/api.w.org\/{rel}","templated":true}]}}