{"id":3191,"date":"2021-03-23T09:03:50","date_gmt":"2021-03-23T01:03:50","guid":{"rendered":"https:\/\/www.infinitypro.asia\/?post_type=product&#038;p=3191"},"modified":"2025-12-25T23:13:03","modified_gmt":"2025-12-25T15:13:03","slug":"module-pc-ops","status":"publish","type":"product","link":"https:\/\/www.infinityprodisplay.com\/fr-ca\/product\/module-pc-ops\/","title":{"rendered":"Module PC OPS"},"content":{"rendered":"<p><strong>Interfaces<\/strong><\/p>\n<ul>\n<li>1 \u00d7 AUDIO\/MIC<\/li>\n<li>1 \u00d7 HDMI<\/li>\n<li>1 \u00d7 H\/P_LED<\/li>\n<li>1 \u00d7 VGA<\/li>\n<li>1 \u00d7 LAN<\/li>\n<li>2 \u00d7 USB 3.0<\/li>\n<li>2 \u00d7 USB 2.0<\/li>\n<li>1 \u00d7 Wi-Fi<\/li>\n<\/ul>\n","protected":false},"excerpt":{"rendered":"<p>Les modules PC Open Pluggable Specification (OPS) offrent une solution Windows 10 Pro cl\u00e9 en main bas\u00e9e sur des processeurs Intel Core et sont sp\u00e9cialement con\u00e7us pour fonctionner avec des \u00e9crans interactifs.<\/p>\n","protected":false},"featured_media":3781,"template":"","meta":{"site-sidebar-layout":"default","site-content-layout":"default","ast-site-content-layout":"default","site-content-style":"default","site-sidebar-style":"default","ast-global-header-display":"","ast-banner-title-visibility":"","ast-main-header-display":"","ast-hfb-above-header-display":"","ast-hfb-below-header-display":"","ast-hfb-mobile-header-display":"","site-post-title":"","ast-breadcrumbs-content":"","ast-featured-img":"","footer-sml-layout":"","ast-disable-related-posts":"","theme-transparent-header-meta":"default","adv-header-id-meta":"","stick-header-meta":"default","header-above-stick-meta":"","header-main-stick-meta":"","header-below-stick-meta":"","astra-migrate-meta-layouts":"set","ast-page-background-enabled":"default","ast-page-background-meta":{"desktop":{"background-color":"","background-image":"","background-repeat":"repeat","background-position":"center center","background-size":"auto","background-attachment":"scroll","background-type":"","background-media":"","overlay-type":"","overlay-color":"","overlay-opacity":"","overlay-gradient":""},"tablet":{"background-color":"","background-image":"","background-repeat":"repeat","background-position":"center center","background-size":"auto","background-attachment":"scroll","background-type":"","background-media":"","overlay-type":"","overlay-color":"","overlay-opacity":"","overlay-gradient":""},"mobile":{"background-color":"","background-image":"","background-repeat":"repeat","background-position":"center center","background-size":"auto","background-attachment":"scroll","background-type":"","background-media":"","overlay-type":"","overlay-color":"","overlay-opacity":"","overlay-gradient":""}},"ast-content-background-meta":{"desktop":{"background-color":"var(--ast-global-color-5)","background-image":"","background-repeat":"repeat","background-position":"center center","background-size":"auto","background-attachment":"scroll","background-type":"","background-media":"","overlay-type":"","overlay-color":"","overlay-opacity":"","overlay-gradient":""},"tablet":{"background-color":"var(--ast-global-color-5)","background-image":"","background-repeat":"repeat","background-position":"center center","background-size":"auto","background-attachment":"scroll","background-type":"","background-media":"","overlay-type":"","overlay-color":"","overlay-opacity":"","overlay-gradient":""},"mobile":{"background-color":"var(--ast-global-color-5)","background-image":"","background-repeat":"repeat","background-position":"center center","background-size":"auto","background-attachment":"scroll","background-type":"","background-media":"","overlay-type":"","overlay-color":"","overlay-opacity":"","overlay-gradient":""}}},"product_brand":[],"product_cat":[68],"product_tag":[111],"class_list":{"0":"post-3191","1":"product","2":"type-product","3":"status-publish","4":"has-post-thumbnail","6":"product_cat-accessories","7":"product_tag-ops","8":"desktop-align-left","9":"tablet-align-left","10":"mobile-align-left","11":"ast-product-gallery-layout-horizontal-slider","12":"ast-magnify-disabled","13":"ast-product-tabs-layout-distributed","15":"first","16":"instock","17":"featured","18":"taxable","19":"shipping-taxable","20":"product-type-simple"},"yoast_head":"<!-- This site is optimized with the Yoast SEO Premium plugin v26.6 (Yoast SEO v26.7) - https:\/\/yoast.com\/wordpress\/plugins\/seo\/ -->\n<title>Buy InfinityPro PC OPS Module For Interactive Display | InfinityPro<\/title>\n<meta name=\"description\" content=\"PC OPS modules provide a hassle-free Windows solution based on Intel Core processors and are designed to work with interactive displays.\" \/>\n<meta name=\"robots\" content=\"index, follow, max-snippet:-1, max-image-preview:large, max-video-preview:-1\" \/>\n<link rel=\"canonical\" href=\"https:\/\/www.infinityprodisplay.com\/fr-ca\/product\/module-pc-ops\/\" \/>\n<meta property=\"og:locale\" content=\"en_US\" \/>\n<meta property=\"og:type\" content=\"article\" \/>\n<meta property=\"og:title\" content=\"Module PC OPS\" \/>\n<meta property=\"og:description\" content=\"PC OPS modules provide a hassle-free Windows solution based on Intel Core processors and are designed to work with interactive displays.\" \/>\n<meta property=\"og:url\" content=\"https:\/\/www.infinityprodisplay.com\/fr-ca\/product\/module-pc-ops\/\" \/>\n<meta property=\"og:site_name\" content=\"InfinityPro\" \/>\n<meta property=\"article:publisher\" content=\"https:\/\/www.facebook.com\/infinityprodisplay\" \/>\n<meta property=\"article:modified_time\" content=\"2025-12-25T15:13:03+00:00\" \/>\n<meta property=\"og:image\" content=\"https:\/\/www.infinityprodisplay.com\/fr-ca\/wp-content\/uploads\/2022\/05\/InfinityPro-OPS-Module.jpg\" \/>\n\t<meta property=\"og:image:width\" content=\"1500\" \/>\n\t<meta property=\"og:image:height\" content=\"900\" \/>\n\t<meta property=\"og:image:type\" content=\"image\/jpeg\" \/>\n<meta name=\"twitter:card\" content=\"summary_large_image\" \/>\n<meta name=\"twitter:label1\" content=\"Est. reading time\" \/>\n\t<meta name=\"twitter:data1\" content=\"1 minute\" \/>\n<script type=\"application\/ld+json\" class=\"yoast-schema-graph\">{\"@context\":\"https:\/\/schema.org\",\"@graph\":[{\"@type\":\"WebPage\",\"@id\":\"https:\/\/www.infinityprodisplay.com\/fr-ca\/product\/module-pc-ops\/\",\"url\":\"https:\/\/www.infinityprodisplay.com\/fr-ca\/product\/module-pc-ops\/\",\"name\":\"Buy InfinityPro PC OPS Module For Interactive Display | InfinityPro\",\"isPartOf\":{\"@id\":\"https:\/\/www.infinityprodisplay.com\/fr-ca\/#website\"},\"primaryImageOfPage\":{\"@id\":\"https:\/\/www.infinityprodisplay.com\/fr-ca\/product\/module-pc-ops\/#primaryimage\"},\"image\":{\"@id\":\"https:\/\/www.infinityprodisplay.com\/fr-ca\/product\/module-pc-ops\/#primaryimage\"},\"thumbnailUrl\":\"https:\/\/www.infinityprodisplay.com\/fr-ca\/wp-content\/uploads\/2022\/05\/InfinityPro-OPS-Module.jpg\",\"datePublished\":\"2021-03-23T01:03:50+00:00\",\"dateModified\":\"2025-12-25T15:13:03+00:00\",\"description\":\"PC OPS modules provide a hassle-free Windows solution based on Intel Core processors and are designed to work with interactive displays.\",\"breadcrumb\":{\"@id\":\"https:\/\/www.infinityprodisplay.com\/fr-ca\/product\/module-pc-ops\/#breadcrumb\"},\"inLanguage\":\"en-US\",\"potentialAction\":[{\"@type\":\"ReadAction\",\"target\":[\"https:\/\/www.infinityprodisplay.com\/fr-ca\/product\/module-pc-ops\/\"]}]},{\"@type\":\"ImageObject\",\"inLanguage\":\"en-US\",\"@id\":\"https:\/\/www.infinityprodisplay.com\/fr-ca\/product\/module-pc-ops\/#primaryimage\",\"url\":\"https:\/\/www.infinityprodisplay.com\/fr-ca\/wp-content\/uploads\/2022\/05\/InfinityPro-OPS-Module.jpg\",\"contentUrl\":\"https:\/\/www.infinityprodisplay.com\/fr-ca\/wp-content\/uploads\/2022\/05\/InfinityPro-OPS-Module.jpg\",\"width\":1500,\"height\":900,\"caption\":\"InfinityPro OPS Module\"},{\"@type\":\"BreadcrumbList\",\"@id\":\"https:\/\/www.infinityprodisplay.com\/fr-ca\/product\/module-pc-ops\/#breadcrumb\",\"itemListElement\":[{\"@type\":\"ListItem\",\"position\":1,\"name\":\"Home\",\"item\":\"https:\/\/www.infinityprodisplay.com\/fr-ca\/\"},{\"@type\":\"ListItem\",\"position\":2,\"name\":\"Products\",\"item\":\"https:\/\/www.infinityprodisplay.com\/fr-ca\/shop\/\"},{\"@type\":\"ListItem\",\"position\":3,\"name\":\"Module PC OPS\"}]},{\"@type\":\"WebSite\",\"@id\":\"https:\/\/www.infinityprodisplay.com\/fr-ca\/#website\",\"url\":\"https:\/\/www.infinityprodisplay.com\/fr-ca\/\",\"name\":\"InfinityPro\",\"description\":\"Interactive Display &amp; Software For Education and Companies\",\"publisher\":{\"@id\":\"https:\/\/www.infinityprodisplay.com\/fr-ca\/#organization\"},\"potentialAction\":[{\"@type\":\"SearchAction\",\"target\":{\"@type\":\"EntryPoint\",\"urlTemplate\":\"https:\/\/www.infinityprodisplay.com\/fr-ca\/?s={search_term_string}\"},\"query-input\":{\"@type\":\"PropertyValueSpecification\",\"valueRequired\":true,\"valueName\":\"search_term_string\"}}],\"inLanguage\":\"en-US\"},{\"@type\":\"Organization\",\"@id\":\"https:\/\/www.infinityprodisplay.com\/fr-ca\/#organization\",\"name\":\"InfinityPro\",\"url\":\"https:\/\/www.infinityprodisplay.com\/fr-ca\/\",\"logo\":{\"@type\":\"ImageObject\",\"inLanguage\":\"en-US\",\"@id\":\"https:\/\/www.infinityprodisplay.com\/fr-ca\/#\/schema\/logo\/image\/\",\"url\":\"https:\/\/www.infinityprodisplay.com\/wp-content\/uploads\/2025\/06\/InfinityPro-R-Logo.svg\",\"contentUrl\":\"https:\/\/www.infinityprodisplay.com\/wp-content\/uploads\/2025\/06\/InfinityPro-R-Logo.svg\",\"width\":1,\"height\":1,\"caption\":\"InfinityPro\"},\"image\":{\"@id\":\"https:\/\/www.infinityprodisplay.com\/fr-ca\/#\/schema\/logo\/image\/\"},\"sameAs\":[\"https:\/\/www.facebook.com\/infinityprodisplay\",\"https:\/\/www.instagram.com\/infinityprodisplay\/\",\"https:\/\/www.linkedin.com\/company\/infinityprodisplay\/\",\"https:\/\/www.youtube.com\/@infinityprodisplay\",\"https:\/\/wa.me\/6567414375\"]}]}<\/script>\n<!-- \/ Yoast SEO Premium plugin. -->","yoast_head_json":{"title":"Buy InfinityPro PC OPS Module For Interactive Display | InfinityPro","description":"PC OPS modules provide a hassle-free Windows solution based on Intel Core processors and are designed to work with interactive displays.","robots":{"index":"index","follow":"follow","max-snippet":"max-snippet:-1","max-image-preview":"max-image-preview:large","max-video-preview":"max-video-preview:-1"},"canonical":"https:\/\/www.infinityprodisplay.com\/fr-ca\/product\/module-pc-ops\/","og_locale":"en_US","og_type":"article","og_title":"Module PC OPS","og_description":"PC OPS modules provide a hassle-free Windows solution based on Intel Core processors and are designed to work with interactive displays.","og_url":"https:\/\/www.infinityprodisplay.com\/fr-ca\/product\/module-pc-ops\/","og_site_name":"InfinityPro","article_publisher":"https:\/\/www.facebook.com\/infinityprodisplay","article_modified_time":"2025-12-25T15:13:03+00:00","og_image":[{"width":1500,"height":900,"url":"https:\/\/www.infinityprodisplay.com\/fr-ca\/wp-content\/uploads\/2022\/05\/InfinityPro-OPS-Module.jpg","type":"image\/jpeg"}],"twitter_card":"summary_large_image","twitter_misc":{"Est. reading time":"1 minute"},"schema":{"@context":"https:\/\/schema.org","@graph":[{"@type":"WebPage","@id":"https:\/\/www.infinityprodisplay.com\/fr-ca\/product\/module-pc-ops\/","url":"https:\/\/www.infinityprodisplay.com\/fr-ca\/product\/module-pc-ops\/","name":"Buy InfinityPro PC OPS Module For Interactive Display | InfinityPro","isPartOf":{"@id":"https:\/\/www.infinityprodisplay.com\/fr-ca\/#website"},"primaryImageOfPage":{"@id":"https:\/\/www.infinityprodisplay.com\/fr-ca\/product\/module-pc-ops\/#primaryimage"},"image":{"@id":"https:\/\/www.infinityprodisplay.com\/fr-ca\/product\/module-pc-ops\/#primaryimage"},"thumbnailUrl":"https:\/\/www.infinityprodisplay.com\/fr-ca\/wp-content\/uploads\/2022\/05\/InfinityPro-OPS-Module.jpg","datePublished":"2021-03-23T01:03:50+00:00","dateModified":"2025-12-25T15:13:03+00:00","description":"PC OPS modules provide a hassle-free Windows solution based on Intel Core processors and are designed to work with interactive displays.","breadcrumb":{"@id":"https:\/\/www.infinityprodisplay.com\/fr-ca\/product\/module-pc-ops\/#breadcrumb"},"inLanguage":"en-US","potentialAction":[{"@type":"ReadAction","target":["https:\/\/www.infinityprodisplay.com\/fr-ca\/product\/module-pc-ops\/"]}]},{"@type":"ImageObject","inLanguage":"en-US","@id":"https:\/\/www.infinityprodisplay.com\/fr-ca\/product\/module-pc-ops\/#primaryimage","url":"https:\/\/www.infinityprodisplay.com\/fr-ca\/wp-content\/uploads\/2022\/05\/InfinityPro-OPS-Module.jpg","contentUrl":"https:\/\/www.infinityprodisplay.com\/fr-ca\/wp-content\/uploads\/2022\/05\/InfinityPro-OPS-Module.jpg","width":1500,"height":900,"caption":"InfinityPro OPS Module"},{"@type":"BreadcrumbList","@id":"https:\/\/www.infinityprodisplay.com\/fr-ca\/product\/module-pc-ops\/#breadcrumb","itemListElement":[{"@type":"ListItem","position":1,"name":"Home","item":"https:\/\/www.infinityprodisplay.com\/fr-ca\/"},{"@type":"ListItem","position":2,"name":"Products","item":"https:\/\/www.infinityprodisplay.com\/fr-ca\/shop\/"},{"@type":"ListItem","position":3,"name":"Module PC OPS"}]},{"@type":"WebSite","@id":"https:\/\/www.infinityprodisplay.com\/fr-ca\/#website","url":"https:\/\/www.infinityprodisplay.com\/fr-ca\/","name":"InfinityPro","description":"Interactive Display &amp; Software For Education and Companies","publisher":{"@id":"https:\/\/www.infinityprodisplay.com\/fr-ca\/#organization"},"potentialAction":[{"@type":"SearchAction","target":{"@type":"EntryPoint","urlTemplate":"https:\/\/www.infinityprodisplay.com\/fr-ca\/?s={search_term_string}"},"query-input":{"@type":"PropertyValueSpecification","valueRequired":true,"valueName":"search_term_string"}}],"inLanguage":"en-US"},{"@type":"Organization","@id":"https:\/\/www.infinityprodisplay.com\/fr-ca\/#organization","name":"InfinityPro","url":"https:\/\/www.infinityprodisplay.com\/fr-ca\/","logo":{"@type":"ImageObject","inLanguage":"en-US","@id":"https:\/\/www.infinityprodisplay.com\/fr-ca\/#\/schema\/logo\/image\/","url":"https:\/\/www.infinityprodisplay.com\/wp-content\/uploads\/2025\/06\/InfinityPro-R-Logo.svg","contentUrl":"https:\/\/www.infinityprodisplay.com\/wp-content\/uploads\/2025\/06\/InfinityPro-R-Logo.svg","width":1,"height":1,"caption":"InfinityPro"},"image":{"@id":"https:\/\/www.infinityprodisplay.com\/fr-ca\/#\/schema\/logo\/image\/"},"sameAs":["https:\/\/www.facebook.com\/infinityprodisplay","https:\/\/www.instagram.com\/infinityprodisplay\/","https:\/\/www.linkedin.com\/company\/infinityprodisplay\/","https:\/\/www.youtube.com\/@infinityprodisplay","https:\/\/wa.me\/6567414375"]}]}},"_links":{"self":[{"href":"https:\/\/www.infinityprodisplay.com\/fr-ca\/wp-json\/wp\/v2\/product\/3191","targetHints":{"allow":["GET"]}}],"collection":[{"href":"https:\/\/www.infinityprodisplay.com\/fr-ca\/wp-json\/wp\/v2\/product"}],"about":[{"href":"https:\/\/www.infinityprodisplay.com\/fr-ca\/wp-json\/wp\/v2\/types\/product"}],"wp:featuredmedia":[{"embeddable":true,"href":"https:\/\/www.infinityprodisplay.com\/fr-ca\/wp-json\/wp\/v2\/media\/3781"}],"wp:attachment":[{"href":"https:\/\/www.infinityprodisplay.com\/fr-ca\/wp-json\/wp\/v2\/media?parent=3191"}],"wp:term":[{"taxonomy":"product_brand","embeddable":true,"href":"https:\/\/www.infinityprodisplay.com\/fr-ca\/wp-json\/wp\/v2\/product_brand?post=3191"},{"taxonomy":"product_cat","embeddable":true,"href":"https:\/\/www.infinityprodisplay.com\/fr-ca\/wp-json\/wp\/v2\/product_cat?post=3191"},{"taxonomy":"product_tag","embeddable":true,"href":"https:\/\/www.infinityprodisplay.com\/fr-ca\/wp-json\/wp\/v2\/product_tag?post=3191"}],"curies":[{"name":"wp","href":"https:\/\/api.w.org\/{rel}","templated":true}]}}