{"id":6888,"date":"2021-03-22T08:56:52","date_gmt":"2021-03-22T00:56:52","guid":{"rendered":"https:\/\/www.infinitypro.asia\/?post_type=product&#038;p=6888"},"modified":"2025-12-25T23:14:34","modified_gmt":"2025-12-25T15:14:34","slug":"camera-de-conference-ptz-avec-ia-zoom-optique-12x","status":"publish","type":"product","link":"https:\/\/www.infinityprodisplay.com\/fr-ca\/product\/camera-de-conference-ptz-avec-ia-zoom-optique-12x\/","title":{"rendered":"Cam\u00e9ra de conf\u00e9rence PTZ avec IA, zoom optique 12x"},"content":{"rendered":"<table style=\"font-weight: 400;\">\n<tbody style=\"font-style: inherit; font-weight: inherit;\">\n<tr>\n<td>\n<p>R\u00e9solution maximale<\/p>\n<\/td>\n<td>\n<p>4K 3840 \u00d7 2160p<\/p>\n<\/td>\n<\/tr>\n<tr>\n<td>\n<p>Fr\u00e9quence d\u2019images maximale<\/p>\n<\/td>\n<td>\n<p>30 FPS (4K \/ 1080p)<\/p>\n<\/td>\n<\/tr>\n<tr>\n<td>\n<p>Suivi assist\u00e9 par IA<\/p>\n<\/td>\n<td>\n<p>Suivi automatique<\/p>\n<\/td>\n<\/tr>\n<tr>\n<td>\n<p>Mise au point<\/p>\n<\/td>\n<td>\n<p>Mise au point automatique<\/p>\n<\/td>\n<\/tr>\n<tr>\n<td>\n<p>Zoom optique<\/p>\n<\/td>\n<td>\n<p>Zoom optique 12x<\/p>\n<\/td>\n<\/tr>\n<tr>\n<td>\n<p>Champ de vision horizontal (FOV-H)<\/p>\n<\/td>\n<td>\n<p>6,5\u00b0 \u00e0 70,9\u00b0<\/p>\n<\/td>\n<\/tr>\n<tr>\n<td>\n<p>Ouverture<\/p>\n<\/td>\n<td>\n<p>F1.6 \u00e0 F2.8<\/p>\n<\/td>\n<\/tr>\n<tr>\n<td>\n<p>Signal vid\u00e9o<\/p>\n<\/td>\n<td>\n<p>4K@30fps, 4K@25fps<\/p>\n<p>1080p@30fps, 1080p@25fps, 1080p@29,97fps<\/p>\n<p>3840\u00d72160 \/ 1920\u00d71080 \/ 1600\u00d7896 \/ 1280\u00d7720 \/ 1024\u00d7576 \/ 960\u00d7540 \/ 800\u00d7600 \/ 800\u00d7448 \/<\/p>\n<p>720\u00d7576 \/ 720\u00d7480 \/ 640\u00d7360 \/ 640\u00d7480 \/ 480\u00d7270 \/ 352\u00d7288 \/ 320\u00d7240 @ 30\/25\/20\/15\/10\/5 fps<\/p>\n<\/td>\n<\/tr>\n<tr>\n<td>\n<p>Formats vid\u00e9o<\/p>\n<\/td>\n<td>\n<p>H.265, H.264 (LAN)<\/p>\n<p>MJPG \/ H.264 \/ YUY2 \/ NV12 (USB 3.0)<\/p>\n<\/td>\n<\/tr>\n<tr>\n<td>\n<p>Sorties vid\u00e9o<\/p>\n<\/td>\n<td>\n<p>USB 3.0 \/ SDI \/ HDMI \/ LAN (PoE)<\/p>\n<\/td>\n<\/tr>\n<tr>\n<td>\n<p>Entr\u00e9e audio<\/p>\n<\/td>\n<td>\n<p>Entr\u00e9e ligne 3,5 mm<\/p>\n<\/td>\n<\/tr>\n<tr>\n<td>\n<p>Compression audio<\/p>\n<\/td>\n<td>\n<p>AAC \/ G.711A \/ MP3<\/p>\n<\/td>\n<\/tr>\n<tr>\n<td>\n<p>Protocoles r\u00e9seau<\/p>\n<\/td>\n<td>\n<p>RTSP, RTMP, ONVIF, RTMPS, SRT, GB\/T28181, VISCA over IP<\/p>\n<\/td>\n<\/tr>\n<tr>\n<td>\n<p>Interface de contr\u00f4le<\/p>\n<\/td>\n<td>\n<p>RS232 entr\u00e9e\/sortie, RS422 (compatible RS485)<\/p>\n<\/td>\n<\/tr>\n<tr>\n<td>\n<p>Protocoles de contr\u00f4le<\/p>\n<\/td>\n<td>\n<p>VISCA \/ Pelco-D \/ Pelco-P<\/p>\n<\/td>\n<\/tr>\n<tr>\n<td>\n<p>Rotation horizontale<\/p>\n<\/td>\n<td>\n<p>-170\u00b0 \u00e0 +170\u00b0<\/p>\n<\/td>\n<\/tr>\n<tr>\n<td>\n<p>Rotation verticale (inclinaison)<\/p>\n<\/td>\n<td>\n<p>-30\u00b0 \u00e0 +90\u00b0<\/p>\n<\/td>\n<\/tr>\n<tr>\n<td>\n<p>Positions pr\u00e9r\u00e9gl\u00e9es<\/p>\n<\/td>\n<td>\n<p>Jusqu\u2019\u00e0 255 positions pr\u00e9r\u00e9gl\u00e9es (10 pr\u00e9r\u00e9glages via la t\u00e9l\u00e9commande)<\/p>\n<\/td>\n<\/tr>\n<tr>\n<td>\n<p>Accessoires<\/p>\n<\/td>\n<td>\n<p>Adaptateur d\u2019alimentation, c\u00e2ble de contr\u00f4le RS232, c\u00e2ble de connexion USB 3.0, t\u00e9l\u00e9commande, manuel, carte et certificat de garantie<\/p>\n<\/td>\n<\/tr>\n<\/tbody>\n<\/table>\n","protected":false},"excerpt":{"rendered":"<ul>\n<li>Zoom optique 12x ultra-d\u00e9taill\u00e9<\/li>\n<li>Panoramique : \u00b1170\u00b0 | Inclinaison : -30\u00b0 \u00e0 +90\u00b0<\/li>\n<li>Sorties vid\u00e9o : USB 3.0, HDMI, 1GbE avec PoE, 3G-SDI<\/li>\n<li>Diffusion en continu : RTSP et RTMP<\/li>\n<li>Ports de contr\u00f4le : RS232, RS422, RS485, LAN et t\u00e9l\u00e9commande<\/li>\n<\/ul>\n","protected":false},"featured_media":6896,"template":"","meta":{"site-sidebar-layout":"default","site-content-layout":"default","ast-site-content-layout":"default","site-content-style":"default","site-sidebar-style":"default","ast-global-header-display":"","ast-banner-title-visibility":"","ast-main-header-display":"","ast-hfb-above-header-display":"","ast-hfb-below-header-display":"","ast-hfb-mobile-header-display":"","site-post-title":"","ast-breadcrumbs-content":"","ast-featured-img":"","footer-sml-layout":"","ast-disable-related-posts":"","theme-transparent-header-meta":"default","adv-header-id-meta":"","stick-header-meta":"default","header-above-stick-meta":"","header-main-stick-meta":"","header-below-stick-meta":"","astra-migrate-meta-layouts":"set","ast-page-background-enabled":"default","ast-page-background-meta":{"desktop":{"background-color":"","background-image":"","background-repeat":"repeat","background-position":"center center","background-size":"auto","background-attachment":"scroll","background-type":"","background-media":"","overlay-type":"","overlay-color":"","overlay-opacity":"","overlay-gradient":""},"tablet":{"background-color":"","background-image":"","background-repeat":"repeat","background-position":"center center","background-size":"auto","background-attachment":"scroll","background-type":"","background-media":"","overlay-type":"","overlay-color":"","overlay-opacity":"","overlay-gradient":""},"mobile":{"background-color":"","background-image":"","background-repeat":"repeat","background-position":"center center","background-size":"auto","background-attachment":"scroll","background-type":"","background-media":"","overlay-type":"","overlay-color":"","overlay-opacity":"","overlay-gradient":""}},"ast-content-background-meta":{"desktop":{"background-color":"var(--ast-global-color-5)","background-image":"","background-repeat":"repeat","background-position":"center center","background-size":"auto","background-attachment":"scroll","background-type":"","background-media":"","overlay-type":"","overlay-color":"","overlay-opacity":"","overlay-gradient":""},"tablet":{"background-color":"var(--ast-global-color-5)","background-image":"","background-repeat":"repeat","background-position":"center center","background-size":"auto","background-attachment":"scroll","background-type":"","background-media":"","overlay-type":"","overlay-color":"","overlay-opacity":"","overlay-gradient":""},"mobile":{"background-color":"var(--ast-global-color-5)","background-image":"","background-repeat":"repeat","background-position":"center center","background-size":"auto","background-attachment":"scroll","background-type":"","background-media":"","overlay-type":"","overlay-color":"","overlay-opacity":"","overlay-gradient":""}}},"product_brand":[],"product_cat":[68],"product_tag":[103],"class_list":{"0":"post-6888","1":"product","2":"type-product","3":"status-publish","4":"has-post-thumbnail","6":"product_cat-accessories","7":"product_tag-camera","8":"desktop-align-left","9":"tablet-align-left","10":"mobile-align-left","11":"ast-product-gallery-layout-horizontal-slider","12":"ast-magnify-disabled","13":"ast-product-tabs-layout-distributed","15":"first","16":"instock","17":"taxable","18":"shipping-taxable","19":"product-type-simple"},"yoast_head":"<!-- This site is optimized with the Yoast SEO Premium plugin v26.6 (Yoast SEO v26.7) - https:\/\/yoast.com\/wordpress\/plugins\/seo\/ -->\n<title>Cam\u00e9ra de conf\u00e9rence PTZ avec IA, zoom optique 12x - InfinityPro<\/title>\n<meta name=\"robots\" content=\"index, follow, max-snippet:-1, max-image-preview:large, max-video-preview:-1\" \/>\n<link rel=\"canonical\" href=\"https:\/\/www.infinityprodisplay.com\/fr-ca\/product\/camera-de-conference-ptz-avec-ia-zoom-optique-12x\/\" \/>\n<meta property=\"og:locale\" content=\"en_US\" \/>\n<meta property=\"og:type\" content=\"article\" \/>\n<meta property=\"og:title\" content=\"Cam\u00e9ra de conf\u00e9rence PTZ avec IA, zoom optique 12x\" \/>\n<meta property=\"og:description\" content=\"Zoom optique 12x ultra-d\u00e9taill\u00e9  Panoramique : \u00b1170\u00b0 | Inclinaison : -30\u00b0 \u00e0 +90\u00b0  Sorties vid\u00e9o : USB 3.0, HDMI, 1GbE avec PoE, 3G-SDI  Diffusion en continu : RTSP et RTMP  Ports de contr\u00f4le : RS232, RS422, RS485, LAN et t\u00e9l\u00e9commande\" \/>\n<meta property=\"og:url\" content=\"https:\/\/www.infinityprodisplay.com\/fr-ca\/product\/camera-de-conference-ptz-avec-ia-zoom-optique-12x\/\" \/>\n<meta property=\"og:site_name\" content=\"InfinityPro\" \/>\n<meta property=\"article:publisher\" content=\"https:\/\/www.facebook.com\/infinityprodisplay\" \/>\n<meta property=\"article:modified_time\" content=\"2025-12-25T15:14:34+00:00\" \/>\n<meta property=\"og:image\" content=\"https:\/\/www.infinityprodisplay.com\/fr-ca\/wp-content\/uploads\/2023\/01\/InfinityPro-Conference-Camera.png\" \/>\n\t<meta property=\"og:image:width\" content=\"1500\" \/>\n\t<meta property=\"og:image:height\" content=\"900\" \/>\n\t<meta property=\"og:image:type\" content=\"image\/png\" \/>\n<meta name=\"twitter:card\" content=\"summary_large_image\" \/>\n<meta name=\"twitter:label1\" content=\"Est. reading time\" \/>\n\t<meta name=\"twitter:data1\" content=\"1 minute\" \/>\n<script type=\"application\/ld+json\" class=\"yoast-schema-graph\">{\"@context\":\"https:\/\/schema.org\",\"@graph\":[{\"@type\":\"WebPage\",\"@id\":\"https:\/\/www.infinityprodisplay.com\/fr-ca\/product\/camera-de-conference-ptz-avec-ia-zoom-optique-12x\/\",\"url\":\"https:\/\/www.infinityprodisplay.com\/fr-ca\/product\/camera-de-conference-ptz-avec-ia-zoom-optique-12x\/\",\"name\":\"Cam\u00e9ra de conf\u00e9rence PTZ avec IA, zoom optique 12x - InfinityPro\",\"isPartOf\":{\"@id\":\"https:\/\/www.infinityprodisplay.com\/fr-ca\/#website\"},\"primaryImageOfPage\":{\"@id\":\"https:\/\/www.infinityprodisplay.com\/fr-ca\/product\/camera-de-conference-ptz-avec-ia-zoom-optique-12x\/#primaryimage\"},\"image\":{\"@id\":\"https:\/\/www.infinityprodisplay.com\/fr-ca\/product\/camera-de-conference-ptz-avec-ia-zoom-optique-12x\/#primaryimage\"},\"thumbnailUrl\":\"https:\/\/www.infinityprodisplay.com\/fr-ca\/wp-content\/uploads\/2023\/01\/InfinityPro-Conference-Camera.png\",\"datePublished\":\"2021-03-22T00:56:52+00:00\",\"dateModified\":\"2025-12-25T15:14:34+00:00\",\"breadcrumb\":{\"@id\":\"https:\/\/www.infinityprodisplay.com\/fr-ca\/product\/camera-de-conference-ptz-avec-ia-zoom-optique-12x\/#breadcrumb\"},\"inLanguage\":\"en-US\",\"potentialAction\":[{\"@type\":\"ReadAction\",\"target\":[\"https:\/\/www.infinityprodisplay.com\/fr-ca\/product\/camera-de-conference-ptz-avec-ia-zoom-optique-12x\/\"]}]},{\"@type\":\"ImageObject\",\"inLanguage\":\"en-US\",\"@id\":\"https:\/\/www.infinityprodisplay.com\/fr-ca\/product\/camera-de-conference-ptz-avec-ia-zoom-optique-12x\/#primaryimage\",\"url\":\"https:\/\/www.infinityprodisplay.com\/fr-ca\/wp-content\/uploads\/2023\/01\/InfinityPro-Conference-Camera.png\",\"contentUrl\":\"https:\/\/www.infinityprodisplay.com\/fr-ca\/wp-content\/uploads\/2023\/01\/InfinityPro-Conference-Camera.png\",\"width\":1500,\"height\":900,\"caption\":\"InfinityPro Conference Camera\"},{\"@type\":\"BreadcrumbList\",\"@id\":\"https:\/\/www.infinityprodisplay.com\/fr-ca\/product\/camera-de-conference-ptz-avec-ia-zoom-optique-12x\/#breadcrumb\",\"itemListElement\":[{\"@type\":\"ListItem\",\"position\":1,\"name\":\"Home\",\"item\":\"https:\/\/www.infinityprodisplay.com\/fr-ca\/\"},{\"@type\":\"ListItem\",\"position\":2,\"name\":\"Products\",\"item\":\"https:\/\/www.infinityprodisplay.com\/fr-ca\/shop\/\"},{\"@type\":\"ListItem\",\"position\":3,\"name\":\"Cam\u00e9ra de conf\u00e9rence PTZ avec IA, zoom optique 12x\"}]},{\"@type\":\"WebSite\",\"@id\":\"https:\/\/www.infinityprodisplay.com\/fr-ca\/#website\",\"url\":\"https:\/\/www.infinityprodisplay.com\/fr-ca\/\",\"name\":\"InfinityPro\",\"description\":\"Interactive Display &amp; Software For Education and Companies\",\"publisher\":{\"@id\":\"https:\/\/www.infinityprodisplay.com\/fr-ca\/#organization\"},\"potentialAction\":[{\"@type\":\"SearchAction\",\"target\":{\"@type\":\"EntryPoint\",\"urlTemplate\":\"https:\/\/www.infinityprodisplay.com\/fr-ca\/?s={search_term_string}\"},\"query-input\":{\"@type\":\"PropertyValueSpecification\",\"valueRequired\":true,\"valueName\":\"search_term_string\"}}],\"inLanguage\":\"en-US\"},{\"@type\":\"Organization\",\"@id\":\"https:\/\/www.infinityprodisplay.com\/fr-ca\/#organization\",\"name\":\"InfinityPro\",\"url\":\"https:\/\/www.infinityprodisplay.com\/fr-ca\/\",\"logo\":{\"@type\":\"ImageObject\",\"inLanguage\":\"en-US\",\"@id\":\"https:\/\/www.infinityprodisplay.com\/fr-ca\/#\/schema\/logo\/image\/\",\"url\":\"https:\/\/www.infinityprodisplay.com\/wp-content\/uploads\/2025\/06\/InfinityPro-R-Logo.svg\",\"contentUrl\":\"https:\/\/www.infinityprodisplay.com\/wp-content\/uploads\/2025\/06\/InfinityPro-R-Logo.svg\",\"width\":1,\"height\":1,\"caption\":\"InfinityPro\"},\"image\":{\"@id\":\"https:\/\/www.infinityprodisplay.com\/fr-ca\/#\/schema\/logo\/image\/\"},\"sameAs\":[\"https:\/\/www.facebook.com\/infinityprodisplay\",\"https:\/\/www.instagram.com\/infinityprodisplay\/\",\"https:\/\/www.linkedin.com\/company\/infinityprodisplay\/\",\"https:\/\/www.youtube.com\/@infinityprodisplay\",\"https:\/\/wa.me\/6567414375\"]}]}<\/script>\n<!-- \/ Yoast SEO Premium plugin. -->","yoast_head_json":{"title":"Cam\u00e9ra de conf\u00e9rence PTZ avec IA, zoom optique 12x - InfinityPro","robots":{"index":"index","follow":"follow","max-snippet":"max-snippet:-1","max-image-preview":"max-image-preview:large","max-video-preview":"max-video-preview:-1"},"canonical":"https:\/\/www.infinityprodisplay.com\/fr-ca\/product\/camera-de-conference-ptz-avec-ia-zoom-optique-12x\/","og_locale":"en_US","og_type":"article","og_title":"Cam\u00e9ra de conf\u00e9rence PTZ avec IA, zoom optique 12x","og_description":"Zoom optique 12x ultra-d\u00e9taill\u00e9  Panoramique : \u00b1170\u00b0 | Inclinaison : -30\u00b0 \u00e0 +90\u00b0  Sorties vid\u00e9o : USB 3.0, HDMI, 1GbE avec PoE, 3G-SDI  Diffusion en continu : RTSP et RTMP  Ports de contr\u00f4le : RS232, RS422, RS485, LAN et t\u00e9l\u00e9commande","og_url":"https:\/\/www.infinityprodisplay.com\/fr-ca\/product\/camera-de-conference-ptz-avec-ia-zoom-optique-12x\/","og_site_name":"InfinityPro","article_publisher":"https:\/\/www.facebook.com\/infinityprodisplay","article_modified_time":"2025-12-25T15:14:34+00:00","og_image":[{"width":1500,"height":900,"url":"https:\/\/www.infinityprodisplay.com\/fr-ca\/wp-content\/uploads\/2023\/01\/InfinityPro-Conference-Camera.png","type":"image\/png"}],"twitter_card":"summary_large_image","twitter_misc":{"Est. reading time":"1 minute"},"schema":{"@context":"https:\/\/schema.org","@graph":[{"@type":"WebPage","@id":"https:\/\/www.infinityprodisplay.com\/fr-ca\/product\/camera-de-conference-ptz-avec-ia-zoom-optique-12x\/","url":"https:\/\/www.infinityprodisplay.com\/fr-ca\/product\/camera-de-conference-ptz-avec-ia-zoom-optique-12x\/","name":"Cam\u00e9ra de conf\u00e9rence PTZ avec IA, zoom optique 12x - InfinityPro","isPartOf":{"@id":"https:\/\/www.infinityprodisplay.com\/fr-ca\/#website"},"primaryImageOfPage":{"@id":"https:\/\/www.infinityprodisplay.com\/fr-ca\/product\/camera-de-conference-ptz-avec-ia-zoom-optique-12x\/#primaryimage"},"image":{"@id":"https:\/\/www.infinityprodisplay.com\/fr-ca\/product\/camera-de-conference-ptz-avec-ia-zoom-optique-12x\/#primaryimage"},"thumbnailUrl":"https:\/\/www.infinityprodisplay.com\/fr-ca\/wp-content\/uploads\/2023\/01\/InfinityPro-Conference-Camera.png","datePublished":"2021-03-22T00:56:52+00:00","dateModified":"2025-12-25T15:14:34+00:00","breadcrumb":{"@id":"https:\/\/www.infinityprodisplay.com\/fr-ca\/product\/camera-de-conference-ptz-avec-ia-zoom-optique-12x\/#breadcrumb"},"inLanguage":"en-US","potentialAction":[{"@type":"ReadAction","target":["https:\/\/www.infinityprodisplay.com\/fr-ca\/product\/camera-de-conference-ptz-avec-ia-zoom-optique-12x\/"]}]},{"@type":"ImageObject","inLanguage":"en-US","@id":"https:\/\/www.infinityprodisplay.com\/fr-ca\/product\/camera-de-conference-ptz-avec-ia-zoom-optique-12x\/#primaryimage","url":"https:\/\/www.infinityprodisplay.com\/fr-ca\/wp-content\/uploads\/2023\/01\/InfinityPro-Conference-Camera.png","contentUrl":"https:\/\/www.infinityprodisplay.com\/fr-ca\/wp-content\/uploads\/2023\/01\/InfinityPro-Conference-Camera.png","width":1500,"height":900,"caption":"InfinityPro Conference Camera"},{"@type":"BreadcrumbList","@id":"https:\/\/www.infinityprodisplay.com\/fr-ca\/product\/camera-de-conference-ptz-avec-ia-zoom-optique-12x\/#breadcrumb","itemListElement":[{"@type":"ListItem","position":1,"name":"Home","item":"https:\/\/www.infinityprodisplay.com\/fr-ca\/"},{"@type":"ListItem","position":2,"name":"Products","item":"https:\/\/www.infinityprodisplay.com\/fr-ca\/shop\/"},{"@type":"ListItem","position":3,"name":"Cam\u00e9ra de conf\u00e9rence PTZ avec IA, zoom optique 12x"}]},{"@type":"WebSite","@id":"https:\/\/www.infinityprodisplay.com\/fr-ca\/#website","url":"https:\/\/www.infinityprodisplay.com\/fr-ca\/","name":"InfinityPro","description":"Interactive Display &amp; Software For Education and Companies","publisher":{"@id":"https:\/\/www.infinityprodisplay.com\/fr-ca\/#organization"},"potentialAction":[{"@type":"SearchAction","target":{"@type":"EntryPoint","urlTemplate":"https:\/\/www.infinityprodisplay.com\/fr-ca\/?s={search_term_string}"},"query-input":{"@type":"PropertyValueSpecification","valueRequired":true,"valueName":"search_term_string"}}],"inLanguage":"en-US"},{"@type":"Organization","@id":"https:\/\/www.infinityprodisplay.com\/fr-ca\/#organization","name":"InfinityPro","url":"https:\/\/www.infinityprodisplay.com\/fr-ca\/","logo":{"@type":"ImageObject","inLanguage":"en-US","@id":"https:\/\/www.infinityprodisplay.com\/fr-ca\/#\/schema\/logo\/image\/","url":"https:\/\/www.infinityprodisplay.com\/wp-content\/uploads\/2025\/06\/InfinityPro-R-Logo.svg","contentUrl":"https:\/\/www.infinityprodisplay.com\/wp-content\/uploads\/2025\/06\/InfinityPro-R-Logo.svg","width":1,"height":1,"caption":"InfinityPro"},"image":{"@id":"https:\/\/www.infinityprodisplay.com\/fr-ca\/#\/schema\/logo\/image\/"},"sameAs":["https:\/\/www.facebook.com\/infinityprodisplay","https:\/\/www.instagram.com\/infinityprodisplay\/","https:\/\/www.linkedin.com\/company\/infinityprodisplay\/","https:\/\/www.youtube.com\/@infinityprodisplay","https:\/\/wa.me\/6567414375"]}]}},"_links":{"self":[{"href":"https:\/\/www.infinityprodisplay.com\/fr-ca\/wp-json\/wp\/v2\/product\/6888","targetHints":{"allow":["GET"]}}],"collection":[{"href":"https:\/\/www.infinityprodisplay.com\/fr-ca\/wp-json\/wp\/v2\/product"}],"about":[{"href":"https:\/\/www.infinityprodisplay.com\/fr-ca\/wp-json\/wp\/v2\/types\/product"}],"wp:featuredmedia":[{"embeddable":true,"href":"https:\/\/www.infinityprodisplay.com\/fr-ca\/wp-json\/wp\/v2\/media\/6896"}],"wp:attachment":[{"href":"https:\/\/www.infinityprodisplay.com\/fr-ca\/wp-json\/wp\/v2\/media?parent=6888"}],"wp:term":[{"taxonomy":"product_brand","embeddable":true,"href":"https:\/\/www.infinityprodisplay.com\/fr-ca\/wp-json\/wp\/v2\/product_brand?post=6888"},{"taxonomy":"product_cat","embeddable":true,"href":"https:\/\/www.infinityprodisplay.com\/fr-ca\/wp-json\/wp\/v2\/product_cat?post=6888"},{"taxonomy":"product_tag","embeddable":true,"href":"https:\/\/www.infinityprodisplay.com\/fr-ca\/wp-json\/wp\/v2\/product_tag?post=6888"}],"curies":[{"name":"wp","href":"https:\/\/api.w.org\/{rel}","templated":true}]}}