{"id":927,"date":"2021-03-17T15:39:32","date_gmt":"2021-03-17T07:39:32","guid":{"rendered":"https:\/\/www.epinfinity.com\/?post_type=product&#038;p=927"},"modified":"2025-12-25T23:15:53","modified_gmt":"2025-12-25T15:15:53","slug":"support-mobile-electrique-a-elevation","status":"publish","type":"product","link":"https:\/\/www.infinityprodisplay.com\/fr-ca\/product\/support-mobile-electrique-a-elevation\/","title":{"rendered":"Support mobile \u00e9lectrique \u00e0 \u00e9l\u00e9vation"},"content":{"rendered":"<p><strong>Support mobile \u00e0 hauteur r\u00e9glable pour \u00e9crans jusqu\u2019\u00e0 90\u00a0pouces<\/strong><\/p>\n","protected":false},"excerpt":{"rendered":"<p>Le support mobile InfinityPro est compatible avec une vari\u00e9t\u00e9 de largeurs d\u2019\u00e9cran et peut \u00eatre ajust\u00e9 selon vos besoins de visionnement. Fabriqu\u00e9 en acier lamin\u00e9 \u00e0 froid robuste, il peut supporter en toute s\u00e9curit\u00e9 des \u00e9crans pesant jusqu\u2019\u00e0 100 kilogrammes.<\/p>\n","protected":false},"featured_media":3319,"template":"","meta":{"site-sidebar-layout":"default","site-content-layout":"default","ast-site-content-layout":"default","site-content-style":"default","site-sidebar-style":"default","ast-global-header-display":"","ast-banner-title-visibility":"","ast-main-header-display":"","ast-hfb-above-header-display":"","ast-hfb-below-header-display":"","ast-hfb-mobile-header-display":"","site-post-title":"","ast-breadcrumbs-content":"","ast-featured-img":"","footer-sml-layout":"","ast-disable-related-posts":"","theme-transparent-header-meta":"default","adv-header-id-meta":"","stick-header-meta":"default","header-above-stick-meta":"","header-main-stick-meta":"","header-below-stick-meta":"","astra-migrate-meta-layouts":"set","ast-page-background-enabled":"default","ast-page-background-meta":{"desktop":{"background-color":"","background-image":"","background-repeat":"repeat","background-position":"center center","background-size":"auto","background-attachment":"scroll","background-type":"","background-media":"","overlay-type":"","overlay-color":"","overlay-opacity":"","overlay-gradient":""},"tablet":{"background-color":"","background-image":"","background-repeat":"repeat","background-position":"center center","background-size":"auto","background-attachment":"scroll","background-type":"","background-media":"","overlay-type":"","overlay-color":"","overlay-opacity":"","overlay-gradient":""},"mobile":{"background-color":"","background-image":"","background-repeat":"repeat","background-position":"center center","background-size":"auto","background-attachment":"scroll","background-type":"","background-media":"","overlay-type":"","overlay-color":"","overlay-opacity":"","overlay-gradient":""}},"ast-content-background-meta":{"desktop":{"background-color":"var(--ast-global-color-5)","background-image":"","background-repeat":"repeat","background-position":"center center","background-size":"auto","background-attachment":"scroll","background-type":"","background-media":"","overlay-type":"","overlay-color":"","overlay-opacity":"","overlay-gradient":""},"tablet":{"background-color":"var(--ast-global-color-5)","background-image":"","background-repeat":"repeat","background-position":"center center","background-size":"auto","background-attachment":"scroll","background-type":"","background-media":"","overlay-type":"","overlay-color":"","overlay-opacity":"","overlay-gradient":""},"mobile":{"background-color":"var(--ast-global-color-5)","background-image":"","background-repeat":"repeat","background-position":"center center","background-size":"auto","background-attachment":"scroll","background-type":"","background-media":"","overlay-type":"","overlay-color":"","overlay-opacity":"","overlay-gradient":""}}},"product_brand":[],"product_cat":[68],"product_tag":[102],"class_list":{"0":"post-927","1":"product","2":"type-product","3":"status-publish","4":"has-post-thumbnail","6":"product_cat-accessories","7":"product_tag-mobile-stand","8":"desktop-align-left","9":"tablet-align-left","10":"mobile-align-left","11":"ast-product-gallery-layout-horizontal-slider","12":"ast-magnify-disabled","13":"ast-product-tabs-layout-distributed","15":"first","16":"instock","17":"featured","18":"taxable","19":"shipping-taxable","20":"product-type-simple"},"yoast_head":"<!-- This site is optimized with the Yoast SEO Premium plugin v26.6 (Yoast SEO v26.7) - https:\/\/yoast.com\/wordpress\/plugins\/seo\/ -->\n<title>Buy InfinityPro Mobile Electric Lift Stand for Interactive Display<\/title>\n<meta name=\"description\" content=\"The InfinityPro mobile electric stand for panels supports a variety of screen widths and can be adjusted to fit your viewing needs.\" \/>\n<meta name=\"robots\" content=\"index, follow, max-snippet:-1, max-image-preview:large, max-video-preview:-1\" \/>\n<link rel=\"canonical\" href=\"https:\/\/www.infinityprodisplay.com\/fr-ca\/product\/support-mobile-electrique-a-elevation\/\" \/>\n<meta property=\"og:locale\" content=\"en_US\" \/>\n<meta property=\"og:type\" content=\"article\" \/>\n<meta property=\"og:title\" content=\"Support mobile \u00e9lectrique \u00e0 \u00e9l\u00e9vation\" \/>\n<meta property=\"og:description\" content=\"The InfinityPro mobile electric stand for panels supports a variety of screen widths and can be adjusted to fit your viewing needs.\" \/>\n<meta property=\"og:url\" content=\"https:\/\/www.infinityprodisplay.com\/fr-ca\/product\/support-mobile-electrique-a-elevation\/\" \/>\n<meta property=\"og:site_name\" content=\"InfinityPro\" \/>\n<meta property=\"article:publisher\" content=\"https:\/\/www.facebook.com\/infinityprodisplay\" \/>\n<meta property=\"article:modified_time\" content=\"2025-12-25T15:15:53+00:00\" \/>\n<meta property=\"og:image\" content=\"https:\/\/www.infinityprodisplay.com\/fr-ca\/wp-content\/uploads\/2021\/03\/InfinityPro-Mobile-Electric-Lift-Stand-3.jpg\" \/>\n\t<meta property=\"og:image:width\" content=\"1500\" \/>\n\t<meta property=\"og:image:height\" content=\"900\" \/>\n\t<meta property=\"og:image:type\" content=\"image\/jpeg\" \/>\n<meta name=\"twitter:card\" content=\"summary_large_image\" \/>\n<meta name=\"twitter:label1\" content=\"Est. reading time\" \/>\n\t<meta name=\"twitter:data1\" content=\"1 minute\" \/>\n<script type=\"application\/ld+json\" class=\"yoast-schema-graph\">{\"@context\":\"https:\/\/schema.org\",\"@graph\":[{\"@type\":\"WebPage\",\"@id\":\"https:\/\/www.infinityprodisplay.com\/fr-ca\/product\/support-mobile-electrique-a-elevation\/\",\"url\":\"https:\/\/www.infinityprodisplay.com\/fr-ca\/product\/support-mobile-electrique-a-elevation\/\",\"name\":\"Buy InfinityPro Mobile Electric Lift Stand for Interactive Display\",\"isPartOf\":{\"@id\":\"https:\/\/www.infinityprodisplay.com\/fr-ca\/#website\"},\"primaryImageOfPage\":{\"@id\":\"https:\/\/www.infinityprodisplay.com\/fr-ca\/product\/support-mobile-electrique-a-elevation\/#primaryimage\"},\"image\":{\"@id\":\"https:\/\/www.infinityprodisplay.com\/fr-ca\/product\/support-mobile-electrique-a-elevation\/#primaryimage\"},\"thumbnailUrl\":\"https:\/\/www.infinityprodisplay.com\/fr-ca\/wp-content\/uploads\/2021\/03\/InfinityPro-Mobile-Electric-Lift-Stand-3.jpg\",\"datePublished\":\"2021-03-17T07:39:32+00:00\",\"dateModified\":\"2025-12-25T15:15:53+00:00\",\"description\":\"The InfinityPro mobile electric stand for panels supports a variety of screen widths and can be adjusted to fit your viewing needs.\",\"breadcrumb\":{\"@id\":\"https:\/\/www.infinityprodisplay.com\/fr-ca\/product\/support-mobile-electrique-a-elevation\/#breadcrumb\"},\"inLanguage\":\"en-US\",\"potentialAction\":[{\"@type\":\"ReadAction\",\"target\":[\"https:\/\/www.infinityprodisplay.com\/fr-ca\/product\/support-mobile-electrique-a-elevation\/\"]}]},{\"@type\":\"ImageObject\",\"inLanguage\":\"en-US\",\"@id\":\"https:\/\/www.infinityprodisplay.com\/fr-ca\/product\/support-mobile-electrique-a-elevation\/#primaryimage\",\"url\":\"https:\/\/www.infinityprodisplay.com\/fr-ca\/wp-content\/uploads\/2021\/03\/InfinityPro-Mobile-Electric-Lift-Stand-3.jpg\",\"contentUrl\":\"https:\/\/www.infinityprodisplay.com\/fr-ca\/wp-content\/uploads\/2021\/03\/InfinityPro-Mobile-Electric-Lift-Stand-3.jpg\",\"width\":1500,\"height\":900},{\"@type\":\"BreadcrumbList\",\"@id\":\"https:\/\/www.infinityprodisplay.com\/fr-ca\/product\/support-mobile-electrique-a-elevation\/#breadcrumb\",\"itemListElement\":[{\"@type\":\"ListItem\",\"position\":1,\"name\":\"Home\",\"item\":\"https:\/\/www.infinityprodisplay.com\/fr-ca\/\"},{\"@type\":\"ListItem\",\"position\":2,\"name\":\"Products\",\"item\":\"https:\/\/www.infinityprodisplay.com\/fr-ca\/shop\/\"},{\"@type\":\"ListItem\",\"position\":3,\"name\":\"Support mobile \u00e9lectrique \u00e0 \u00e9l\u00e9vation\"}]},{\"@type\":\"WebSite\",\"@id\":\"https:\/\/www.infinityprodisplay.com\/fr-ca\/#website\",\"url\":\"https:\/\/www.infinityprodisplay.com\/fr-ca\/\",\"name\":\"InfinityPro\",\"description\":\"Interactive Display &amp; Software For Education and Companies\",\"publisher\":{\"@id\":\"https:\/\/www.infinityprodisplay.com\/fr-ca\/#organization\"},\"potentialAction\":[{\"@type\":\"SearchAction\",\"target\":{\"@type\":\"EntryPoint\",\"urlTemplate\":\"https:\/\/www.infinityprodisplay.com\/fr-ca\/?s={search_term_string}\"},\"query-input\":{\"@type\":\"PropertyValueSpecification\",\"valueRequired\":true,\"valueName\":\"search_term_string\"}}],\"inLanguage\":\"en-US\"},{\"@type\":\"Organization\",\"@id\":\"https:\/\/www.infinityprodisplay.com\/fr-ca\/#organization\",\"name\":\"InfinityPro\",\"url\":\"https:\/\/www.infinityprodisplay.com\/fr-ca\/\",\"logo\":{\"@type\":\"ImageObject\",\"inLanguage\":\"en-US\",\"@id\":\"https:\/\/www.infinityprodisplay.com\/fr-ca\/#\/schema\/logo\/image\/\",\"url\":\"https:\/\/www.infinityprodisplay.com\/wp-content\/uploads\/2025\/06\/InfinityPro-R-Logo.svg\",\"contentUrl\":\"https:\/\/www.infinityprodisplay.com\/wp-content\/uploads\/2025\/06\/InfinityPro-R-Logo.svg\",\"width\":1,\"height\":1,\"caption\":\"InfinityPro\"},\"image\":{\"@id\":\"https:\/\/www.infinityprodisplay.com\/fr-ca\/#\/schema\/logo\/image\/\"},\"sameAs\":[\"https:\/\/www.facebook.com\/infinityprodisplay\",\"https:\/\/www.instagram.com\/infinityprodisplay\/\",\"https:\/\/www.linkedin.com\/company\/infinityprodisplay\/\",\"https:\/\/www.youtube.com\/@infinityprodisplay\",\"https:\/\/wa.me\/6567414375\"]}]}<\/script>\n<!-- \/ Yoast SEO Premium plugin. -->","yoast_head_json":{"title":"Buy InfinityPro Mobile Electric Lift Stand for Interactive Display","description":"The InfinityPro mobile electric stand for panels supports a variety of screen widths and can be adjusted to fit your viewing needs.","robots":{"index":"index","follow":"follow","max-snippet":"max-snippet:-1","max-image-preview":"max-image-preview:large","max-video-preview":"max-video-preview:-1"},"canonical":"https:\/\/www.infinityprodisplay.com\/fr-ca\/product\/support-mobile-electrique-a-elevation\/","og_locale":"en_US","og_type":"article","og_title":"Support mobile \u00e9lectrique \u00e0 \u00e9l\u00e9vation","og_description":"The InfinityPro mobile electric stand for panels supports a variety of screen widths and can be adjusted to fit your viewing needs.","og_url":"https:\/\/www.infinityprodisplay.com\/fr-ca\/product\/support-mobile-electrique-a-elevation\/","og_site_name":"InfinityPro","article_publisher":"https:\/\/www.facebook.com\/infinityprodisplay","article_modified_time":"2025-12-25T15:15:53+00:00","og_image":[{"width":1500,"height":900,"url":"https:\/\/www.infinityprodisplay.com\/fr-ca\/wp-content\/uploads\/2021\/03\/InfinityPro-Mobile-Electric-Lift-Stand-3.jpg","type":"image\/jpeg"}],"twitter_card":"summary_large_image","twitter_misc":{"Est. reading time":"1 minute"},"schema":{"@context":"https:\/\/schema.org","@graph":[{"@type":"WebPage","@id":"https:\/\/www.infinityprodisplay.com\/fr-ca\/product\/support-mobile-electrique-a-elevation\/","url":"https:\/\/www.infinityprodisplay.com\/fr-ca\/product\/support-mobile-electrique-a-elevation\/","name":"Buy InfinityPro Mobile Electric Lift Stand for Interactive Display","isPartOf":{"@id":"https:\/\/www.infinityprodisplay.com\/fr-ca\/#website"},"primaryImageOfPage":{"@id":"https:\/\/www.infinityprodisplay.com\/fr-ca\/product\/support-mobile-electrique-a-elevation\/#primaryimage"},"image":{"@id":"https:\/\/www.infinityprodisplay.com\/fr-ca\/product\/support-mobile-electrique-a-elevation\/#primaryimage"},"thumbnailUrl":"https:\/\/www.infinityprodisplay.com\/fr-ca\/wp-content\/uploads\/2021\/03\/InfinityPro-Mobile-Electric-Lift-Stand-3.jpg","datePublished":"2021-03-17T07:39:32+00:00","dateModified":"2025-12-25T15:15:53+00:00","description":"The InfinityPro mobile electric stand for panels supports a variety of screen widths and can be adjusted to fit your viewing needs.","breadcrumb":{"@id":"https:\/\/www.infinityprodisplay.com\/fr-ca\/product\/support-mobile-electrique-a-elevation\/#breadcrumb"},"inLanguage":"en-US","potentialAction":[{"@type":"ReadAction","target":["https:\/\/www.infinityprodisplay.com\/fr-ca\/product\/support-mobile-electrique-a-elevation\/"]}]},{"@type":"ImageObject","inLanguage":"en-US","@id":"https:\/\/www.infinityprodisplay.com\/fr-ca\/product\/support-mobile-electrique-a-elevation\/#primaryimage","url":"https:\/\/www.infinityprodisplay.com\/fr-ca\/wp-content\/uploads\/2021\/03\/InfinityPro-Mobile-Electric-Lift-Stand-3.jpg","contentUrl":"https:\/\/www.infinityprodisplay.com\/fr-ca\/wp-content\/uploads\/2021\/03\/InfinityPro-Mobile-Electric-Lift-Stand-3.jpg","width":1500,"height":900},{"@type":"BreadcrumbList","@id":"https:\/\/www.infinityprodisplay.com\/fr-ca\/product\/support-mobile-electrique-a-elevation\/#breadcrumb","itemListElement":[{"@type":"ListItem","position":1,"name":"Home","item":"https:\/\/www.infinityprodisplay.com\/fr-ca\/"},{"@type":"ListItem","position":2,"name":"Products","item":"https:\/\/www.infinityprodisplay.com\/fr-ca\/shop\/"},{"@type":"ListItem","position":3,"name":"Support mobile \u00e9lectrique \u00e0 \u00e9l\u00e9vation"}]},{"@type":"WebSite","@id":"https:\/\/www.infinityprodisplay.com\/fr-ca\/#website","url":"https:\/\/www.infinityprodisplay.com\/fr-ca\/","name":"InfinityPro","description":"Interactive Display &amp; Software For Education and Companies","publisher":{"@id":"https:\/\/www.infinityprodisplay.com\/fr-ca\/#organization"},"potentialAction":[{"@type":"SearchAction","target":{"@type":"EntryPoint","urlTemplate":"https:\/\/www.infinityprodisplay.com\/fr-ca\/?s={search_term_string}"},"query-input":{"@type":"PropertyValueSpecification","valueRequired":true,"valueName":"search_term_string"}}],"inLanguage":"en-US"},{"@type":"Organization","@id":"https:\/\/www.infinityprodisplay.com\/fr-ca\/#organization","name":"InfinityPro","url":"https:\/\/www.infinityprodisplay.com\/fr-ca\/","logo":{"@type":"ImageObject","inLanguage":"en-US","@id":"https:\/\/www.infinityprodisplay.com\/fr-ca\/#\/schema\/logo\/image\/","url":"https:\/\/www.infinityprodisplay.com\/wp-content\/uploads\/2025\/06\/InfinityPro-R-Logo.svg","contentUrl":"https:\/\/www.infinityprodisplay.com\/wp-content\/uploads\/2025\/06\/InfinityPro-R-Logo.svg","width":1,"height":1,"caption":"InfinityPro"},"image":{"@id":"https:\/\/www.infinityprodisplay.com\/fr-ca\/#\/schema\/logo\/image\/"},"sameAs":["https:\/\/www.facebook.com\/infinityprodisplay","https:\/\/www.instagram.com\/infinityprodisplay\/","https:\/\/www.linkedin.com\/company\/infinityprodisplay\/","https:\/\/www.youtube.com\/@infinityprodisplay","https:\/\/wa.me\/6567414375"]}]}},"_links":{"self":[{"href":"https:\/\/www.infinityprodisplay.com\/fr-ca\/wp-json\/wp\/v2\/product\/927","targetHints":{"allow":["GET"]}}],"collection":[{"href":"https:\/\/www.infinityprodisplay.com\/fr-ca\/wp-json\/wp\/v2\/product"}],"about":[{"href":"https:\/\/www.infinityprodisplay.com\/fr-ca\/wp-json\/wp\/v2\/types\/product"}],"wp:featuredmedia":[{"embeddable":true,"href":"https:\/\/www.infinityprodisplay.com\/fr-ca\/wp-json\/wp\/v2\/media\/3319"}],"wp:attachment":[{"href":"https:\/\/www.infinityprodisplay.com\/fr-ca\/wp-json\/wp\/v2\/media?parent=927"}],"wp:term":[{"taxonomy":"product_brand","embeddable":true,"href":"https:\/\/www.infinityprodisplay.com\/fr-ca\/wp-json\/wp\/v2\/product_brand?post=927"},{"taxonomy":"product_cat","embeddable":true,"href":"https:\/\/www.infinityprodisplay.com\/fr-ca\/wp-json\/wp\/v2\/product_cat?post=927"},{"taxonomy":"product_tag","embeddable":true,"href":"https:\/\/www.infinityprodisplay.com\/fr-ca\/wp-json\/wp\/v2\/product_tag?post=927"}],"curies":[{"name":"wp","href":"https:\/\/api.w.org\/{rel}","templated":true}]}}